{"id":10246,"date":"2022-08-24T13:56:56","date_gmt":"2022-08-24T11:56:56","guid":{"rendered":"http:\/\/www.esplanade.hr\/?page_id=10246"},"modified":"2025-01-17T11:23:37","modified_gmt":"2025-01-17T10:23:37","slug":"press-service","status":"publish","type":"page","link":"https:\/\/esplanade.hr\/hr\/press-service\/","title":{"rendered":"Mediji"},"content":{"rendered":"<p>[vc_row row_content_width=&#8221;grid&#8221; content_text_aligment=&#8221;center&#8221; css=&#8221;.vc_custom_1579706454951{padding-top: 80px !important;padding-bottom: 0px !important;}&#8221;][vc_column css=&#8221;.vc_custom_1652774462619{background-image: url(https:\/\/esplanade.hr\/hr\/wp-content\/uploads\/2022\/05\/topline1.jpg?id=9005) !important;}&#8221;]<div class=\"eltd-section-title-holder eltd-separator-disabled  \" >\n    <div class=\"eltd-section-title-inner\">\n                            <h2 class=\"eltd-st-title \" >\n                <span class=\"eltd-st-before\">Kutak<\/span>\n                <span>za novinare<\/span>\n            <\/h2>\n                            <\/div>\n<\/div>[vc_empty_space height=&#8221;40px&#8221;][vc_column_text]<\/p>\n<p style=\"text-align: left;\">Esplanade Zagreb Hotel uvijek s veseljem pozdravlja predstavnike medija.<\/p>\n<p style=\"text-align: left;\">Ukoliko \u017eelite primati informacije vezane uz hotel, novosti iz ponude i gastronomije, doznati ne\u0161to o povijesti hotela, ili pak namjeravate organizirati studijsko putovanje ili intervju s nekim od osoblja, na\u0161a Press slu\u017eba uvijek \u0107e vam rado pomo\u0107i.<\/p>\n<p style=\"text-align: left;\">Za sve upite slobodno nam se obratite:<br \/>\nPR &amp; Marketing Specialist<br \/>\nE. <a href=\"mailto:matea.susac@esplanade.hr\">matea.susac@esplanade.hr<\/a><\/p>\n<p style=\"text-align: left;\"><strong>Newsletter<\/strong><\/p>\n<p style=\"text-align: left;\">Ukoliko redovito \u017eelite primati na\u0161e Novosti na e-mail, molimo vas da upi\u0161ete va\u0161u e-mail u za to predvi\u0111eno polje pri dnu stranice i kliknete na &#8220;Po\u0161alji&#8221;.<\/p>\n<p style=\"text-align: left;\"><strong>PREUZIMANJE HOTELSKIH MATERIJALA<\/strong><\/p>\n<p style=\"text-align: left;\">Svi na\u0161i materijali su na raspolaganju za preuzimanje (download):<\/p>\n<p style=\"text-align: left;\"><strong>Linknovi za download:<\/strong><\/p>\n<p style=\"text-align: left;\">&#8211;\u00a0 \u00a0\u00a0<a href=\"https:\/\/esplanadehr.sharepoint.com\/:f:\/g\/marketing\/EhzWk6c0pfNOunsVuAeovEsBbBpLwCLBjVy2qQDZFJYD2A?e=KZVom4\">Fotografije<\/a>\u00a0hotela<br \/>\n&#8211;\u00a0\u00a0\u00a0\u00a0<a href=\"https:\/\/esplanadehr.sharepoint.com\/:f:\/g\/marketing\/ElDmGO2ZR-1OnBOblRg15pcBJ1NnxL3iw3KA-WvurCa38w?e=OZn9HQ\">Logo i grafi\u010dki standardi<\/a><\/p>\n<p style=\"text-align: left;\"><strong>Video:<\/strong><br \/>\n&#8211; Hotelski\u00a0<a href=\"https:\/\/www.youtube.com\/user\/EsplanadeZagreb\">YouTube<\/a>\u00a0kanal<\/p>\n<p style=\"text-align: left;\"><strong>Bro\u0161ure:<\/strong><\/p>\n<p style=\"text-align: left;\">&#8211;\u00a0<a href=\"https:\/\/www.esplanade.hr\/press\/download\/brochures\/Esplanade-Zagreb-Hotel-Brosura.pdf\">Bro\u0161ura hotela<\/a><\/p>\n<p style=\"text-align: left;\">&#8211;\u00a0<a href=\"https:\/\/www.esplanade.hr\/press\/download\/brochures\/Esplanade-Zagreb-Hotel-dogadanja-brosura.pdf\">Konferencijska bro\u0161ura<\/a><\/p>\n<p style=\"text-align: left;\">&#8211;\u00a0<a href=\"https:\/\/www.esplanade.hr\/press\/download\/brochures\/Esplanade-Zagreb-Hotel-Arabic-Brochure.pdf\">Hotelska bro\u0161ura \u2013 arapski jezik<\/a><br \/>\n&#8211;\u00a0<a href=\"https:\/\/www.esplanade.hr\/press\/download\/brochures\/Esplanade-Zagreb-Hotel-Chinese-Brochure.pdf\">Hotelska bro\u0161ura \u2013 mandarisnki jezik<\/a><br \/>\n&#8211;\u00a0<a href=\"https:\/\/www.esplanade.hr\/press\/download\/brochures\/Esplanade-Zagreb-Hotel-Japanese-Brochure%20.pdf\">Hotelska bro\u0161ura \u2013 japanski jezik<\/a><br \/>\n&#8211;\u00a0<a href=\"https:\/\/www.esplanade.hr\/press\/download\/brochures\/Esplanade-Zagreb-Hotel-Korean-Brochure%20.pdf\">Hotelska bro\u0161ura \u2013 korejski jezik<\/a><br \/>\n&#8211; <a href=\"https:\/\/esplanade.hr\/hr\/wp-content\/uploads\/2025\/01\/Esplanade-BROSURA-Povijesna-brosura-220x168-HR.pdf\">Povijest Hotela Esplanade \u2013 bro\u0161ura<\/a><\/p>\n<p style=\"text-align: left;\">&#8211;\u00a0<a href=\"https:\/\/www.esplanade.hr\/press\/download\/brochures\/Esplanade-Zagreb-Hotel-Fact-Sheet-Brochure.pdf\">Informacije o hotelu<\/a><br \/>\n&#8211;\u00a0<a href=\"https:\/\/www.esplanade.hr\/press\/download\/brochures\/Esplanade-Zagreb-Hotel-Tlocrt-Floorplan.pdf\">Tlocrt dvorana<\/a><br \/>\n&#8211;\u00a0<a href=\"https:\/\/www.esplanade.hr\/press\/download\/brochures\/Esplanade-Zagreb-Hotel-Health-Club.pdf\">Bro\u0161ura Health Cluba<\/a><\/p>\n<p style=\"text-align: left;\"><strong>Press Kit:<\/strong><br \/>\n&#8211;\u00a0<a href=\"https:\/\/www.esplanade.hr\/press\/kit\/Esplanade-Zagreb-Hotel-O-hotelu-i-kapacitetima.pdf\">Informacije o hotelu<\/a><br \/>\n&#8211;\u00a0<a href=\"https:\/\/www.esplanade.hr\/press\/kit\/Esplanade-Zagreb-Hotel-Nagrade-i-priznanja.pdf\">Popis nagrada<\/a><br \/>\n&#8211;\u00a0<a href=\"https:\/\/www.esplanade.hr\/press\/kit\/Esplanade-Zagreb-Hotel-Zanimljivosti-o-hotelu.pdf\">Zanimljivosti<\/a><br \/>\n&#8211;\u00a0<a href=\"https:\/\/www.esplanade.hr\/press\/kit\/Esplanade-Zagreb-Hotel-Zinfandels-restoran.pdf\">Zinfandel&#8217;s restoran<\/a><br \/>\n&#8211;\u00a0<a href=\"https:\/\/www.esplanade.hr\/press\/kit\/Esplanade-Zagreb-Hotel-Le-Bistro-restoran.pdf\">Le Bistro restoran<\/a><br \/>\n&#8211;\u00a0<a href=\"https:\/\/www.esplanade.hr\/press\/kit\/Esplanade-Zagreb-Hotel-Esplanade-strukli.pdf\">Esplanade \u0161trukli &#8211; specijalitet ku\u0107e<\/a><\/p>\n<p style=\"text-align: left;\"><strong>Priop\u0107enja za medije:<\/strong><br \/>\n&#8211;\u00a0<a href=\"https:\/\/www.esplanade.hr\/press\/releases\/Esplanade-Zagreb-Hotel-Ana-Grgic-Chef-de-Cuisine.pdf\">Chef Ana Grgi\u0107<\/a><\/p>\n<p style=\"text-align: left;\"><strong>Jelovnici:<\/strong><br \/>\n&#8211;\u00a0<a href=\"https:\/\/www.esplanade.hr\/press\/download\/menus\/Esplanade-Zagreb-Hotel-Zinfandels-a-la-Carte-Menu.pdf\">Zinfandel\u2019s \u00e0 la carte menu<\/a><br \/>\n&#8211;\u00a0<a href=\"https:\/\/www.esplanade.hr\/press\/download\/menus\/Esplanade-Zagreb-Hotel-Zinfandels-Dessert-Menu.pdf\">Zinfandel\u2019s desertni menu<\/a><br \/>\n&#8211;\u00a0<a href=\"https:\/\/www.esplanade.hr\/press\/download\/menus\/Esplanade-Zagreb-Hotel-Zinfandels-Wine-List.pdf\">Zinfandel\u2019s vinska karta<\/a><br \/>\n&#8211;\u00a0<a href=\"https:\/\/www.esplanade.hr\/press\/download\/menus\/Esplanade-Zagreb-Hotel-Le-Bistro-a-la-Carte-Menu.pdf\">Le Bistro \u00e0 la carte menu<\/a><br \/>\n&#8211;\u00a0<a href=\"https:\/\/www.esplanade.hr\/press\/download\/menus\/Esplanade-Zagreb-Hotel-Le-Bistro-Beverage-List.pdf\">Le Bistro karta pi\u0107a<\/a><br \/>\n&#8211;\u00a0<a href=\"https:\/\/www.esplanade.hr\/press\/download\/menus\/Esplanade-Zagreb-Hotel-Esplanade-Bar-Menu.pdf\">Esplanade Bar 1925 Lounge &amp; Cocktail bar menu<\/a><br \/>\n&#8211;\u00a0<a href=\"https:\/\/www.esplanade.hr\/press\/download\/menus\/Esplanade-Zagreb-Hotel-Room-Service-Menu.pdf\">Menu sobne posluge<\/a><br \/>\n&#8211;\u00a0<a href=\"https:\/\/www.esplanade.hr\/press\/download\/menus\/Esplanade-Zagreb-Hotel-Halal-a-la-Carte-Menu.pdf\">Halal \u00e0 la carte menu<\/a><br \/>\n&#8211;\u00a0<a href=\"https:\/\/www.esplanade.hr\/press\/download\/menus\/Esplanade-Zagreb-Hotel-Kids-Menu.pdf\">Dje\u010dji jelovnik<\/a><br \/>\n<strong><br \/>\nPonude za sastanke i doga\u0111anja:<\/strong><br \/>\n&#8211;\u00a0<a href=\"https:\/\/www.esplanade.hr\/press\/download\/menus\/Esplanade-Zagreb-Hotel-Catering-jelovnici.pdf\">Catering jelovnici<\/a><br \/>\n&#8211;\u00a0<a href=\"https:\/\/www.esplanade.hr\/press\/download\/menus\/Esplanade-Zagreb-Hotel-Svadbeni-jelovnici.pdf\">Ponuda za vjen\u010danja<\/a><br \/>\n&#8211;\u00a0<a href=\"https:\/\/www.esplanade.hr\/press\/download\/menus\/Esplanade-Zagreb-Hotel-Ponuda-za-maturalne-svecanosti.pdf\">Ponuda za maturalne sve\u010danosti<\/a><br \/>\n&#8211;\u00a0<a href=\"https:\/\/www.esplanade.hr\/press\/download\/menus\/Esplanade-Zagreb-Hotel-Konferencijski-paketi.pdf\">Konferencijski paketi<\/a><\/p>\n<p>[\/vc_column_text][vc_empty_space height=&#8221;28px&#8221;][\/vc_column][\/vc_row]<\/p>\n","protected":false},"excerpt":{"rendered":"<p>[vc_row row_content_width=&#8221;grid&#8221; content_text_aligment=&#8221;center&#8221; css=&#8221;.vc_custom_1579706454951{padding-top: 80px !important;padding-bottom: 0px !important;}&#8221;][vc_column css=&#8221;.vc_custom_1652774462619{background-image: url(https:\/\/esplanade.hr\/hr\/wp-content\/uploads\/2022\/05\/topline1.jpg?id=9005) [&hellip;]<\/p>\n","protected":false},"author":4,"featured_media":0,"parent":0,"menu_order":0,"comment_status":"closed","ping_status":"closed","template":"full-width.php","meta":{"_links_to":"","_links_to_target":""},"yoast_head":"<!-- This site is optimized with the Yoast SEO plugin v20.1 - https:\/\/yoast.com\/wordpress\/plugins\/seo\/ -->\n<title>Mediji - Esplanade Zagreb<\/title>\n<meta name=\"robots\" content=\"index, follow, max-snippet:-1, max-image-preview:large, max-video-preview:-1\" \/>\n<link rel=\"canonical\" href=\"https:\/\/esplanade.hr\/hr\/press-service\/\" \/>\n<meta property=\"og:locale\" content=\"en_US\" \/>\n<meta property=\"og:type\" content=\"article\" \/>\n<meta property=\"og:title\" content=\"Mediji - Esplanade Zagreb\" \/>\n<meta property=\"og:description\" content=\"[vc_row row_content_width=&#8221;grid&#8221; content_text_aligment=&#8221;center&#8221; css=&#8221;.vc_custom_1579706454951{padding-top: 80px !important;padding-bottom: 0px !important;}&#8221;][vc_column css=&#8221;.vc_custom_1652774462619{background-image: url(https:\/\/esplanade.hr\/hr\/wp-content\/uploads\/2022\/05\/topline1.jpg?id=9005) [&hellip;]\" \/>\n<meta property=\"og:url\" content=\"https:\/\/esplanade.hr\/hr\/press-service\/\" \/>\n<meta property=\"og:site_name\" content=\"Esplanade Zagreb\" \/>\n<meta property=\"article:modified_time\" content=\"2025-01-17T10:23:37+00:00\" \/>\n<meta name=\"twitter:card\" content=\"summary_large_image\" \/>\n<meta name=\"twitter:label1\" content=\"Est. reading time\" \/>\n\t<meta name=\"twitter:data1\" content=\"2 minutes\" \/>\n<script type=\"application\/ld+json\" class=\"yoast-schema-graph\">{\"@context\":\"https:\/\/schema.org\",\"@graph\":[{\"@type\":\"WebPage\",\"@id\":\"https:\/\/esplanade.hr\/hr\/press-service\/\",\"url\":\"https:\/\/esplanade.hr\/hr\/press-service\/\",\"name\":\"Mediji - Esplanade Zagreb\",\"isPartOf\":{\"@id\":\"https:\/\/esplanade.hr\/hr\/#website\"},\"datePublished\":\"2022-08-24T11:56:56+00:00\",\"dateModified\":\"2025-01-17T10:23:37+00:00\",\"breadcrumb\":{\"@id\":\"https:\/\/esplanade.hr\/hr\/press-service\/#breadcrumb\"},\"inLanguage\":\"en-US\",\"potentialAction\":[{\"@type\":\"ReadAction\",\"target\":[\"https:\/\/esplanade.hr\/hr\/press-service\/\"]}]},{\"@type\":\"BreadcrumbList\",\"@id\":\"https:\/\/esplanade.hr\/hr\/press-service\/#breadcrumb\",\"itemListElement\":[{\"@type\":\"ListItem\",\"position\":1,\"name\":\"Home\",\"item\":\"https:\/\/esplanade.hr\/hr\/\"},{\"@type\":\"ListItem\",\"position\":2,\"name\":\"Mediji\"}]},{\"@type\":\"WebSite\",\"@id\":\"https:\/\/esplanade.hr\/hr\/#website\",\"url\":\"https:\/\/esplanade.hr\/hr\/\",\"name\":\"Esplanade Zagreb\",\"description\":\"Welcome to the Esplanade Zagreb Hotel\",\"potentialAction\":[{\"@type\":\"SearchAction\",\"target\":{\"@type\":\"EntryPoint\",\"urlTemplate\":\"https:\/\/esplanade.hr\/hr\/?s={search_term_string}\"},\"query-input\":\"required name=search_term_string\"}],\"inLanguage\":\"en-US\"}]}<\/script>\n<!-- \/ Yoast SEO plugin. -->","yoast_head_json":{"title":"Mediji - Esplanade Zagreb","robots":{"index":"index","follow":"follow","max-snippet":"max-snippet:-1","max-image-preview":"max-image-preview:large","max-video-preview":"max-video-preview:-1"},"canonical":"https:\/\/esplanade.hr\/hr\/press-service\/","og_locale":"en_US","og_type":"article","og_title":"Mediji - Esplanade Zagreb","og_description":"[vc_row row_content_width=&#8221;grid&#8221; content_text_aligment=&#8221;center&#8221; css=&#8221;.vc_custom_1579706454951{padding-top: 80px !important;padding-bottom: 0px !important;}&#8221;][vc_column css=&#8221;.vc_custom_1652774462619{background-image: url(https:\/\/esplanade.hr\/hr\/wp-content\/uploads\/2022\/05\/topline1.jpg?id=9005) [&hellip;]","og_url":"https:\/\/esplanade.hr\/hr\/press-service\/","og_site_name":"Esplanade Zagreb","article_modified_time":"2025-01-17T10:23:37+00:00","twitter_card":"summary_large_image","twitter_misc":{"Est. reading time":"2 minutes"},"schema":{"@context":"https:\/\/schema.org","@graph":[{"@type":"WebPage","@id":"https:\/\/esplanade.hr\/hr\/press-service\/","url":"https:\/\/esplanade.hr\/hr\/press-service\/","name":"Mediji - Esplanade Zagreb","isPartOf":{"@id":"https:\/\/esplanade.hr\/hr\/#website"},"datePublished":"2022-08-24T11:56:56+00:00","dateModified":"2025-01-17T10:23:37+00:00","breadcrumb":{"@id":"https:\/\/esplanade.hr\/hr\/press-service\/#breadcrumb"},"inLanguage":"en-US","potentialAction":[{"@type":"ReadAction","target":["https:\/\/esplanade.hr\/hr\/press-service\/"]}]},{"@type":"BreadcrumbList","@id":"https:\/\/esplanade.hr\/hr\/press-service\/#breadcrumb","itemListElement":[{"@type":"ListItem","position":1,"name":"Home","item":"https:\/\/esplanade.hr\/hr\/"},{"@type":"ListItem","position":2,"name":"Mediji"}]},{"@type":"WebSite","@id":"https:\/\/esplanade.hr\/hr\/#website","url":"https:\/\/esplanade.hr\/hr\/","name":"Esplanade Zagreb","description":"Welcome to the Esplanade Zagreb Hotel","potentialAction":[{"@type":"SearchAction","target":{"@type":"EntryPoint","urlTemplate":"https:\/\/esplanade.hr\/hr\/?s={search_term_string}"},"query-input":"required name=search_term_string"}],"inLanguage":"en-US"}]}},"_links":{"self":[{"href":"https:\/\/esplanade.hr\/hr\/wp-json\/wp\/v2\/pages\/10246"}],"collection":[{"href":"https:\/\/esplanade.hr\/hr\/wp-json\/wp\/v2\/pages"}],"about":[{"href":"https:\/\/esplanade.hr\/hr\/wp-json\/wp\/v2\/types\/page"}],"author":[{"embeddable":true,"href":"https:\/\/esplanade.hr\/hr\/wp-json\/wp\/v2\/users\/4"}],"replies":[{"embeddable":true,"href":"https:\/\/esplanade.hr\/hr\/wp-json\/wp\/v2\/comments?post=10246"}],"version-history":[{"count":12,"href":"https:\/\/esplanade.hr\/hr\/wp-json\/wp\/v2\/pages\/10246\/revisions"}],"predecessor-version":[{"id":12911,"href":"https:\/\/esplanade.hr\/hr\/wp-json\/wp\/v2\/pages\/10246\/revisions\/12911"}],"wp:attachment":[{"href":"https:\/\/esplanade.hr\/hr\/wp-json\/wp\/v2\/media?parent=10246"}],"curies":[{"name":"wp","href":"https:\/\/api.w.org\/{rel}","templated":true}]}}