{"id":10255,"date":"2022-08-24T14:05:25","date_gmt":"2022-08-24T12:05:25","guid":{"rendered":"http:\/\/www.esplanade.hr\/?page_id=10255"},"modified":"2023-01-12T08:05:44","modified_gmt":"2023-01-12T07:05:44","slug":"politika-privatnosti","status":"publish","type":"page","link":"https:\/\/esplanade.hr\/hr\/politika-privatnosti\/","title":{"rendered":"Politika Privatnosti"},"content":{"rendered":"<p>[vc_row row_content_width=&#8221;grid&#8221; content_text_aligment=&#8221;center&#8221; css=&#8221;.vc_custom_1662108793719{padding-top: 80px !important;padding-bottom: 0px !important;}&#8221;][vc_column css=&#8221;.vc_custom_1652774462619{background-image: url(https:\/\/esplanade.hr\/hr\/wp-content\/uploads\/2022\/05\/topline1.jpg?id=9005) !important;}&#8221;]<div class=\"eltd-section-title-holder eltd-separator-disabled  \" >\n    <div class=\"eltd-section-title-inner\">\n                            <h2 class=\"eltd-st-title \" >\n                <span class=\"eltd-st-before\">Politika<\/span>\n                <span>Privatnosti<\/span>\n            <\/h2>\n                            <\/div>\n<\/div>[vc_empty_space][vc_column_text]<\/p>\n<p style=\"text-align: left;\"><strong>Za\u0161tita osobnih podataka na stranicama hotela Esplanade\u00a0<\/strong><\/p>\n<p style=\"text-align: left;\">Zahvaljujemo se na posjeti na\u0161e web stranice. Mi u hotelu Esplanade nastojimo pru\u017eiti vrhunsku uslugu i do\u017eivljaje, i \u0161to je jo\u0161 va\u017enije, cijenimo va\u0161u vjernost. Posjetiocima i gostima na\u0161eg hotela pristupamo s posebnom pa\u017enjom kako bi stekli Va\u0161e povjerenje i ispunili Va\u0161a o\u010dekivanja. Svjesni smo \u010dinjenice da je privatnost vrlo bitna te se dru\u0161tvo Esplanade Oleander d.o.o., Almanac Hotels GmbH, WSF Group Companies obvezuje na za\u0161titu Va\u0161ih osobnih podataka. Razvili smo ovaj tekst kako bismo Vam objasnili kako postupamo s osobnim podacima koje prikupljamo od Vas ili o Vama na ovoj web stranici, putem pisane ili verbalne komunikacije te kada posjetite na\u0161 hotel. Molimo Vas da povremeno provjerite politiku privatnosti s obzirom na mogu\u0107e promjene.<\/p>\n<p style=\"text-align: left;\"><strong>Za\u0161tita osobnih podataka\u00a0<\/strong><\/p>\n<p style=\"text-align: left;\">Dru\u0161tvo Esplanade Oleander d.o.o., Almanac Hotels GmbH, WSF Group Companies \u0161titi Va\u0161e osobne podatke te su svi na\u0161i zaposlenici obu\u010deni o na\u010dinu tretiranja takvih podataka u skladu sa Op\u0107om uredbom o za\u0161titi podataka (EU) 2016\/679 Europskog parlamenta i Vije\u0107a od dana 27. travnja 2016. godine (dalje u tekstu: \u201eOp\u0107a uredba\u201c) i Zakonom o provedbi Op\u0107e uredbe o za\u0161titi podataka (Narodne novine broj 42\/18, dalje u tekstu: \u201eZakon\u201c). Neovisno o tome, svi su radnici obvezni na o\u010duvanje povjerljivosti i za\u0161titu svih osobnih podataka koje obra\u0111uju tijekom svojeg rada. Prikupljamo, koristimo i obra\u0111ujemo Va\u0161e podatke sukladno s ovom Politikom privatnosti te odredbama Op\u0107e uredbe i Zakona. Jam\u010dimo na\u0161im posjetiocima i gostima na\u0161eg hotela da se svi osobni podaci tretiraju kao povjerljiva informacija i poslovna tajna. Dru\u0161tvo Esplanade Oleander d.o.o., Almanac Hotels GmbH, WSF Group Companies poduzima potrebne mjere kako bi za\u0161titili Va\u0161e osobne podatke od neovla\u0161tenog pristupa, otkrivanja, izmjene ili uni\u0161tenja, te odr\u017eava osobne podatke preciznim i a\u017eurnim koliko je to mogu\u0107e.<\/p>\n<p style=\"text-align: left;\">Ovom politikom privatnosti ure\u0111uje se na\u010din postupanja s osobnim podacima kojima dru\u0161tvo Esplanade Oleander d.o.o., Almanac Hotels GmbH, WSF Group Companies pristupi putem rezervacijskog sustava ili drugog formulara.<\/p>\n<p style=\"text-align: left;\"><strong>Svrha prikupljanja\u00a0<\/strong><\/p>\n<p style=\"text-align: left;\">Dru\u0161tvo Esplanade Oleander d.o.o., Almanac Hotels GmbH, WSF Group Companies du\u017eno je prikupljati odre\u0111ene osobne podatke zbog ispunjenja ugovora (npr. ugovora o smje\u0161taju) i zbog propisa koji ure\u0111uju ugostiteljsku djelatnost, no neke podatke mo\u017ee i prikupljati u sljede\u0107e svrhe: radi \u0161to u\u010dinkovitijeg odgovora na Va\u0161 upit, radi osiguranja pru\u017eanja i pla\u0107anja usluge, radi promocije neke od na\u0161ih usluga, radi statisti\u010dke obrade podataka, radi mogu\u0107nosti slanja publikacija i drugih odre\u0111enih promid\u017ebenih materijala i i bro\u0161ura.<\/p>\n<p style=\"text-align: left;\">Davanjem Va\u0161ih osobnih podataka poput e-mail adrese, telefon i sl., ujedno dajete svoju izri\u010ditu suglasnost da dru\u0161tvo Esplanade Oleander d.o.o., Almanac Hotels GmbH, WSF Group Companies koristi Va\u0161e podatke u za to predvi\u0111ene svrhe. U slu\u010daju da ne \u017eelite da dru\u0161tvo Esplanade Oleander d.o.o., Almanac Hotels GmbH, WSF Group Companies koristi Va\u0161e podatke u neku od navedenih svrha u bilo kojem trenutku ovla\u0161teni ste povu\u0107i svoju suglasnost za obradu podataka koja je dana za obradu u odre\u0111enu svrhu bez ikakvih posljedica za Va\u0161a prava.<\/p>\n<p style=\"text-align: left;\">Ovaj se tekst o politici privatnosti ne odnosi na na\u0161u obradu osobnih podatka u ime i na temelju uputa tre\u0107e strane, kao \u0161to su tvrtke koje organiziraju ili nude pakete putni\u010dkih aran\u017emana i drugih davatelja usluga koji zakonski imaju pravo dijeliti s nama Va\u0161e osobne podatke.<\/p>\n<p style=\"text-align: left;\">Osobni podaci koji su ure\u0111eni i pokriveni na\u0161om politikom privatnosti:<\/p>\n<ul style=\"text-align: left;\">\n<li>ime i prezime<\/li>\n<li>adresa<\/li>\n<li>e- mail adresa<\/li>\n<li>broj telefona, mobitela ili faxa<\/li>\n<li>podaci o kreditnoj kartici koje ste dali prilikom on-line rezervacije ili tre\u0107oj strani<\/li>\n<li>postupak pla\u0107anja ili osiguranja pla\u0107anja<\/li>\n<li>va\u0161e preferencije radi pobolj\u0161anja na\u0161e usluge<\/li>\n<li>bilo koji drugi podaci koje nam napomenete a \u017eelite da ostanu tajni<\/li>\n<li>CV prilikom prijave za zaposlenje<\/li>\n<\/ul>\n<p style=\"text-align: left;\"><strong>Sadr\u017eaj politike privatnosti<\/strong><\/p>\n<p style=\"text-align: left;\">Va\u0161e osobne podatke ne prodajemo, ne iznajmljujemo niti ne otkrivamo tre\u0107im stranama na raspolaganje bez Va\u0161e izri\u010dite privole, jer se to protivi politici privatnosti te Op\u0107oj uredbi i Zakonu. Dru\u0161tvo Esplanade Oleander d.o.o., Almanac Hotels GmbH, WSF Group Companies ne odgovara za slu\u010dajnu pogre\u0161ku ili pogre\u0161ku zbog vi\u0161e sile koja bi uzrokovala eventualno kr\u0161enje za\u0161tite Va\u0161ih osobnih podataka, ali \u0107e istu otkloniti \u010dim bude u mogu\u0107nosti. Dru\u0161tvo Esplanade Oleander d.o.o., Almanac Hotels GmbH, WSF Group Companies prikuplja samo one osobne podatke koje ste nam dobrovoljno dostavili te ih koristimo za potrebe pru\u017eanja gore navedenih usluga. Ne tra\u017eimo od Vas da nam po\u0161aljete svoje podatke kako biste pristupili na\u0161im stranicama niti ne tra\u017eimo da nam otkrijete vi\u0161e podataka no \u0161to je doista potrebno za kori\u0161tenje neke od na\u0161ih usluga. Podatke koje nam dajete o Va\u0161oj kreditnoj kartici koriste se isklju\u010divo kao sredstvo osiguranja pla\u0107anja rezerviranih usluga te dru\u0161tvo Esplanade Oleander d.o.o., Almanac Hotels GmbH, WSF Group Companies za obradu takvih podataka poduzima odgovaraju\u0107e organizacijske i tehni\u010dke mjere za\u0161tite. Nakon uredno pru\u017eene i pla\u0107ene usluge ti se podaci vi\u0161e ne koriste bez Va\u0161e izri\u010dite suglasnosti. Popunjavaju\u0107i formular na stranici jam\u010dite da su informacije koje ste prilo\u017eili to\u010dne te da ste suglasni s odredbama na\u0161e politike privatnosti.<\/p>\n<p style=\"text-align: left;\"><strong>Vrijeme trajanja politike privatnosti\u00a0<\/strong><\/p>\n<p style=\"text-align: left;\">U trenutku kada nam dostavite Va\u0161e podatke, Vi pristajete da Vas kontaktiramo te ulazite na na\u0161u mailing listu, a sami ulazak je Va\u0161 izri\u010dit pristanak na kontakt. Mi Va\u0161e osobne podatke trajno \u0161titimo, a u svakom trenutku mo\u017eete zatra\u017eiti isklju\u010denje s na\u0161e mailing liste.<\/p>\n<p style=\"text-align: left;\"><strong>Tajnost podataka\u00a0<\/strong><\/p>\n<p style=\"text-align: left;\">Nagla\u0161avamo da Va\u0161i osobni podaci ostaju tajni prilikom posjeta stranici hotela, a i pri samom posjetu hotelu, osim ako ih ne \u017eelite dobrovoljno otkriti. Obvezujemo se da drugim stranama ne\u0107emo otkrivati Va\u0161e osobne podatke, osim u slu\u010dajevima propisanima pravnim propisima.<\/p>\n<p style=\"text-align: left;\"><strong>Upotreba Cookie-a\u00a0<\/strong><\/p>\n<p style=\"text-align: left;\">Kako bi olak\u0161ali pregledavanje na\u0161e web stranice, koristimo kola\u010di\u0107e (cookies). Radi se o malim tekstualnim datotekama koje Va\u0161 preglednik sprema na Va\u0161e ra\u010dunalo prilikom posjete na\u0161oj web stranici. Navedeno omogu\u0107uje jednostavnije i br\u017ee pregledavanje na\u0161e web stranice te op\u0107enito pobolj\u0161ava korisni\u010dko iskustvo. Kola\u010di\u0107i smje\u0161teni na Va\u0161em ra\u010dunalu ne sadr\u017ee informacije poput Va\u0161eg imena ili adrese elektroni\u010dke po\u0161te te ne omogu\u0107uju pristup Va\u0161im osobnim informacijama i datotekama na Va\u0161em ra\u010dunalu.<\/p>\n<p style=\"text-align: left;\">Vrste kola\u010di\u0107a koje koristimo:<\/p>\n<ul style=\"text-align: left;\">\n<li>Nu\u017eni kola\u010di\u0107i (tehni\u010dki, obavezni) \u2013 kola\u010di\u0107i koji su neophodni za tehni\u010dko funkcioniranje web stranice, ne mogu se isklju\u010diti u na\u0161im sustavima te nije potrebna Va\u0161a privola za kori\u0161tenje istih. Ovi kola\u010di\u0107i ne pohranjuju nikakve informacije koje bi Vas mogle identificirati.<\/li>\n<li>Analiti\u010dki kola\u010di\u0107i (Google Analytics kola\u010di\u0107i) \u2013 kola\u010di\u0107i koji omogu\u0107uju bilje\u017eenje posjeta i izvora prometa u svrhu mjerenja i pobolj\u0161anja rada web stranice. Podaci koje ovi kola\u010di\u0107i prikupe su statisti\u010dki te slijedom toga i anonimni. Pru\u017eatelj usluge ovih kola\u010di\u0107a je Google, Inc. slijedom \u010dega se prikupljeni podaci dijele s dru\u0161tvom Google, Inc.<\/li>\n<\/ul>\n<p style=\"text-align: left;\">Detaljnije informacije o na\u010dinu na koji Google Analytics upotrebljava podatke mo\u017eete prona\u0107i na stranici: <a href=\"https:\/\/policies.google.com\/technologies\/partner-sites\">https:\/\/policies.google.com\/technologies\/partner-sites<\/a>.<\/p>\n<ul style=\"text-align: left;\">\n<li>Kola\u010di\u0107i imaju validnost od 31 dan.<\/li>\n<\/ul>\n<p style=\"text-align: left;\">Kola\u010di\u0107e (uklju\u010duju\u0107i nu\u017ene) mo\u017eete a\u017eurirati ili blokirati u Va\u0161em web pregledniku ili postaviti da Vas preglednik o njima upozorava, ali u tom slu\u010daju odre\u0111eni dijelovi web stranica mo\u017eda ne\u0107e raditi. Dobrovoljno danu privolu na kori\u0161tenje analiti\u010dkih kola\u010di\u0107a mo\u017eete povu\u0107i u svakom trenutku promjenom izabrane opcije u postavkama kola\u010di\u0107a <a href=\"https:\/\/esplanade.hr\/hr\/?deleteCookies=1\">ovdje<\/a>.<\/p>\n<p style=\"text-align: left;\"><strong>SPAM poruke\u00a0\u00a0<\/strong><\/p>\n<p style=\"text-align: left;\">SPAM je mjesto gdje se skladi\u0161te ne\u017eeljene e- poruke koje sadr\u017ee marketin\u0161ke materijale poslane bez Va\u0161eg pristanka. Dru\u0161tvo Esplanade Oleander d.o.o., Almanac Hotels GmbH, WSF Group Companies ne \u0161alju SPAM e-mail poruke, ve\u0107 koristimo anti-spam alat kako bi za\u0161titili posjetitelje od primanja SPAM poruka. Ako iz nekih razloga mislite da ste dobili bezvrijednu po\u0161tu od strane dru\u0161tva Esplanade Oleander d.o.o., Almanac Hotels GmbH, WSF Group Companies, molimo Vas da nas obavijestite na sljede\u0107u adresu: <a href=\"mailto:info@esplanade.hr\">info@esplanade.hr<\/a>.<\/p>\n<p style=\"text-align: left;\"><strong>Za\u0161tita osobnih podataka djece\u00a0\u00a0<\/strong><\/p>\n<p style=\"text-align: left;\">Dru\u0161tvo Esplanade Oleander d.o.o., Almanac Hotels GmbH, WSF Group Companies NE prikuplja, NE koristi i NE otkriva osobne podatke o osobama mla\u0111im od 16 godina pomo\u0107u kojih se mo\u017ee kontaktirati preko Interneta, bez izri\u010dite dozvole roditelja ili zakonskog zastupnika. Ne obra\u0111ujemo osobne podatke o osobama mla\u0111ima od 16 godina pomo\u0107u kojih je doti\u010dne osobe mogu\u0107e kontaktirati putem interneta bez izri\u010ditog dopu\u0161tenja roditelja ili skrbnika. Me\u0111utim, ne mo\u017eemo znati odnose li se podaci koje obra\u0111ujemo na osobe mla\u0111e od 16 godina. Stoga, savjetujemo svim roditeljima i skrbnicima da podu\u010de osobe mla\u0111e od 16 godina o odgovornom i sigurnom postupanju s osobnim podacima na internetu. Dru\u0161tvo Esplanade Oleander d.o.o., Almanac Hotels GmbH, WSF Group Companies jam\u010di za\u0161titu osobnih podataka djece predvi\u0111ene posebnim zakonima koji ure\u0111uju to pitanje.<\/p>\n<p style=\"text-align: left;\"><strong>Osjetljivi podaci\u00a0\u00a0<\/strong><\/p>\n<p style=\"text-align: left;\">Pojam \u201eosjetljivi podaci\u201c odnosi se na podatke u vezi s Va\u0161im rasnim ili etni\u010dkim podrijetlom, politi\u010dkim stavovima, religijskim ili filozofskim uvjerenjima, \u010dlanstvom u sindikatu, zdravljem, seksualnim \u017eivotom ili seksualnom orijentacijom, genetskim podacima, kaznenom evidencijom, biometrijskim podacima, podacima koji se odnose na zdravlje ili podatke o spolnom \u017eivotu ili seksualnoj orijentaciji pojedinca. Na\u010delno ne prikupljamo osjetljive podatke, osim ako nam ih Vi dragovoljno ne predate ili ne postoji neki od drugih pravnih temelja propisanih Uredbom i\/ili Zakonom. Dru\u0161tvo Esplanade Oleander d.o.o., Almanac Hotels GmbH, WSF Group Companies mo\u017ee upotrebljavati zdravstvene podatke koje ste nam samostalno i dobrovoljno dali kako bismo Vas bolje uslu\u017eili i zadovoljili Va\u0161e posebne potrebe (primjerice pristup za invalide i sl.).<\/p>\n<p style=\"text-align: left;\"><strong>Videonadzor\u00a0\u00a0<\/strong><\/p>\n<p style=\"text-align: left;\">Dru\u0161tvo Esplanade Oleander d.o.o., Almanac Hotels GmbH, WSF Group Companies kao voditelji obrade imaju legitimni interes provesti mjere videonadzora radi za\u0161tite imovine i osoba, a u odnosu na odre\u0111ene radne pozicije i zakonsku du\u017enost postaviti nadzorne kamere koje snimaju zaposlenike i sve osobe koje se kre\u0107u u vidokrugu nadzorne kamere. Dru\u0161tvo Esplanade Oleander d.o.o., Almanac Hotels GmbH, WSF Group Companies je mjesta na kojima su postavljeni ure\u0111aji za videonadzor ozna\u010dilo na propisani na\u010din. U svrhu o\u010duvanja snimki dru\u0161tvo Esplanade Oleander d.o.o., Almanac Hotels GmbH, WSF Group Companies osiguralo je odgovaraju\u0107i sustav sigurnosti. Sustav videonadzora za\u0161ti\u0107en je od pristupa neovla\u0161tenih osoba. Videozapisi se \u010duvaju najvi\u0161e 6 mjeseci, osim ako je zakonom propisan du\u017ei rok \u010duvanja ili ako su dokaz u sudskom, upravnom, arbitra\u017enom ili drugom istovrijednom postupku.<\/p>\n<p style=\"text-align: left;\"><strong>Provjera, izmjena ili brisanje osobnih podataka<\/strong><\/p>\n<p style=\"text-align: left;\">U bilo koje doba mo\u017eete provjeriti, izmjeniti ili obrisati osobne podatke koje ste nam dostavili prilikom posjete na\u0161oj stranici (ako se doti\u010dni podaci jo\u0161 uvijek nalaze u na\u0161oj bazi podataka). Ako \u017eelite ostvariti to pravo slobodno nam se javite na\u00a0<a href=\"mailto:info@esplanade.hr\">info@esplanade.hr<\/a>.<\/p>\n<p style=\"text-align: left;\"><strong>Linkovi\u00a0<\/strong><\/p>\n<p style=\"text-align: left;\">Preusmjeravanja s na\u0161ih stranica upu\u0107uju Vas i\/ili Va\u0161e dijete na Internet stranice \u010diji je sadr\u017eaj kvalitetan u smislu da ne poti\u010de negativnosti. Ako ste primjetili neke nepravilnosti ili imate bilo kakva pitanja u vezi s na\u0161om politikom privatnosti molimo Vas da nam se obratite na <a href=\"mailto:info@esplanade.hr\">info@esplanade.hr<\/a>.<\/p>\n<p style=\"text-align: left;\"><strong>Marketin\u0161ke komunikacije\u00a0<\/strong><\/p>\n<p style=\"text-align: left;\">Ako ste nam dali privolu za primanje newslettera o raznim promocijama i doga\u0111ajima u hotelu Esplanade ovla\u0161teni smo poslati Vam isti. U slu\u010daju da nakon \u0161to ste dali privolu odlu\u010dite da ne \u017eelite primati newsletter, tu opciju u svakom trenutku mo\u017eete isklju\u010diti klikom na link <a href=\"http:\/\/echo7.bluehornet.com\/p\/o6vaSvlCwN\">http:\/\/echo7.bluehornet.com\/p\/o6vaSvlCwN<\/a>.<\/p>\n<p style=\"text-align: left;\"><strong>Promjene i prestanak uvjeta kori\u0161tenja\u00a0<\/strong><\/p>\n<p style=\"text-align: left;\">Dru\u0161tvo Esplanade Oleander d.o.o., Almanac Hotels GmbH, WSF Group Companies pridr\u017eava pravo izmjene ili prekida svih ili bilo kojeg dijela ove web stranice te Politika za\u0161tite privatnosti na web stranici hotela Esplanade u bilo kojem trenutku. Va\u0161 raskid je mogu\u0107 u bilo kojem trenutku, zna\u010di prestanak kori\u0161tenja ove stranice i poni\u0161tenje svih materijala i sadr\u017eaja preuzetih i kori\u0161tenih s iste web lokacije.<\/p>\n<p>[\/vc_column_text][vc_empty_space height=&#8221;28px&#8221;][\/vc_column][\/vc_row]<\/p>\n","protected":false},"excerpt":{"rendered":"<p>[vc_row row_content_width=&#8221;grid&#8221; content_text_aligment=&#8221;center&#8221; css=&#8221;.vc_custom_1662108793719{padding-top: 80px !important;padding-bottom: 0px !important;}&#8221;][vc_column css=&#8221;.vc_custom_1652774462619{background-image: url(https:\/\/esplanade.hr\/hr\/wp-content\/uploads\/2022\/05\/topline1.jpg?id=9005) [&hellip;]<\/p>\n","protected":false},"author":4,"featured_media":0,"parent":0,"menu_order":0,"comment_status":"closed","ping_status":"closed","template":"full-width.php","meta":{"_links_to":"","_links_to_target":""},"yoast_head":"<!-- This site is optimized with the Yoast SEO plugin v20.1 - https:\/\/yoast.com\/wordpress\/plugins\/seo\/ -->\n<title>Politika Privatnosti - Esplanade Zagreb<\/title>\n<meta name=\"robots\" content=\"index, follow, max-snippet:-1, max-image-preview:large, max-video-preview:-1\" \/>\n<link rel=\"canonical\" href=\"https:\/\/esplanade.hr\/hr\/politika-privatnosti\/\" \/>\n<meta property=\"og:locale\" content=\"en_US\" \/>\n<meta property=\"og:type\" content=\"article\" \/>\n<meta property=\"og:title\" content=\"Politika Privatnosti - Esplanade Zagreb\" \/>\n<meta property=\"og:description\" content=\"[vc_row row_content_width=&#8221;grid&#8221; content_text_aligment=&#8221;center&#8221; css=&#8221;.vc_custom_1662108793719{padding-top: 80px !important;padding-bottom: 0px !important;}&#8221;][vc_column css=&#8221;.vc_custom_1652774462619{background-image: url(https:\/\/esplanade.hr\/hr\/wp-content\/uploads\/2022\/05\/topline1.jpg?id=9005) [&hellip;]\" \/>\n<meta property=\"og:url\" content=\"https:\/\/esplanade.hr\/hr\/politika-privatnosti\/\" \/>\n<meta property=\"og:site_name\" content=\"Esplanade Zagreb\" \/>\n<meta property=\"article:modified_time\" content=\"2023-01-12T07:05:44+00:00\" \/>\n<meta name=\"twitter:card\" content=\"summary_large_image\" \/>\n<meta name=\"twitter:label1\" content=\"Est. reading time\" \/>\n\t<meta name=\"twitter:data1\" content=\"11 minutes\" \/>\n<script type=\"application\/ld+json\" class=\"yoast-schema-graph\">{\"@context\":\"https:\/\/schema.org\",\"@graph\":[{\"@type\":\"WebPage\",\"@id\":\"https:\/\/esplanade.hr\/hr\/politika-privatnosti\/\",\"url\":\"https:\/\/esplanade.hr\/hr\/politika-privatnosti\/\",\"name\":\"Politika Privatnosti - Esplanade Zagreb\",\"isPartOf\":{\"@id\":\"https:\/\/esplanade.hr\/hr\/#website\"},\"datePublished\":\"2022-08-24T12:05:25+00:00\",\"dateModified\":\"2023-01-12T07:05:44+00:00\",\"breadcrumb\":{\"@id\":\"https:\/\/esplanade.hr\/hr\/politika-privatnosti\/#breadcrumb\"},\"inLanguage\":\"en-US\",\"potentialAction\":[{\"@type\":\"ReadAction\",\"target\":[\"https:\/\/esplanade.hr\/hr\/politika-privatnosti\/\"]}]},{\"@type\":\"BreadcrumbList\",\"@id\":\"https:\/\/esplanade.hr\/hr\/politika-privatnosti\/#breadcrumb\",\"itemListElement\":[{\"@type\":\"ListItem\",\"position\":1,\"name\":\"Home\",\"item\":\"https:\/\/esplanade.hr\/hr\/\"},{\"@type\":\"ListItem\",\"position\":2,\"name\":\"Politika Privatnosti\"}]},{\"@type\":\"WebSite\",\"@id\":\"https:\/\/esplanade.hr\/hr\/#website\",\"url\":\"https:\/\/esplanade.hr\/hr\/\",\"name\":\"Esplanade Zagreb\",\"description\":\"Welcome to the Esplanade Zagreb Hotel\",\"potentialAction\":[{\"@type\":\"SearchAction\",\"target\":{\"@type\":\"EntryPoint\",\"urlTemplate\":\"https:\/\/esplanade.hr\/hr\/?s={search_term_string}\"},\"query-input\":\"required name=search_term_string\"}],\"inLanguage\":\"en-US\"}]}<\/script>\n<!-- \/ Yoast SEO plugin. -->","yoast_head_json":{"title":"Politika Privatnosti - Esplanade Zagreb","robots":{"index":"index","follow":"follow","max-snippet":"max-snippet:-1","max-image-preview":"max-image-preview:large","max-video-preview":"max-video-preview:-1"},"canonical":"https:\/\/esplanade.hr\/hr\/politika-privatnosti\/","og_locale":"en_US","og_type":"article","og_title":"Politika Privatnosti - Esplanade Zagreb","og_description":"[vc_row row_content_width=&#8221;grid&#8221; content_text_aligment=&#8221;center&#8221; css=&#8221;.vc_custom_1662108793719{padding-top: 80px !important;padding-bottom: 0px !important;}&#8221;][vc_column css=&#8221;.vc_custom_1652774462619{background-image: url(https:\/\/esplanade.hr\/hr\/wp-content\/uploads\/2022\/05\/topline1.jpg?id=9005) [&hellip;]","og_url":"https:\/\/esplanade.hr\/hr\/politika-privatnosti\/","og_site_name":"Esplanade Zagreb","article_modified_time":"2023-01-12T07:05:44+00:00","twitter_card":"summary_large_image","twitter_misc":{"Est. reading time":"11 minutes"},"schema":{"@context":"https:\/\/schema.org","@graph":[{"@type":"WebPage","@id":"https:\/\/esplanade.hr\/hr\/politika-privatnosti\/","url":"https:\/\/esplanade.hr\/hr\/politika-privatnosti\/","name":"Politika Privatnosti - Esplanade Zagreb","isPartOf":{"@id":"https:\/\/esplanade.hr\/hr\/#website"},"datePublished":"2022-08-24T12:05:25+00:00","dateModified":"2023-01-12T07:05:44+00:00","breadcrumb":{"@id":"https:\/\/esplanade.hr\/hr\/politika-privatnosti\/#breadcrumb"},"inLanguage":"en-US","potentialAction":[{"@type":"ReadAction","target":["https:\/\/esplanade.hr\/hr\/politika-privatnosti\/"]}]},{"@type":"BreadcrumbList","@id":"https:\/\/esplanade.hr\/hr\/politika-privatnosti\/#breadcrumb","itemListElement":[{"@type":"ListItem","position":1,"name":"Home","item":"https:\/\/esplanade.hr\/hr\/"},{"@type":"ListItem","position":2,"name":"Politika Privatnosti"}]},{"@type":"WebSite","@id":"https:\/\/esplanade.hr\/hr\/#website","url":"https:\/\/esplanade.hr\/hr\/","name":"Esplanade Zagreb","description":"Welcome to the Esplanade Zagreb Hotel","potentialAction":[{"@type":"SearchAction","target":{"@type":"EntryPoint","urlTemplate":"https:\/\/esplanade.hr\/hr\/?s={search_term_string}"},"query-input":"required name=search_term_string"}],"inLanguage":"en-US"}]}},"_links":{"self":[{"href":"https:\/\/esplanade.hr\/hr\/wp-json\/wp\/v2\/pages\/10255"}],"collection":[{"href":"https:\/\/esplanade.hr\/hr\/wp-json\/wp\/v2\/pages"}],"about":[{"href":"https:\/\/esplanade.hr\/hr\/wp-json\/wp\/v2\/types\/page"}],"author":[{"embeddable":true,"href":"https:\/\/esplanade.hr\/hr\/wp-json\/wp\/v2\/users\/4"}],"replies":[{"embeddable":true,"href":"https:\/\/esplanade.hr\/hr\/wp-json\/wp\/v2\/comments?post=10255"}],"version-history":[{"count":6,"href":"https:\/\/esplanade.hr\/hr\/wp-json\/wp\/v2\/pages\/10255\/revisions"}],"predecessor-version":[{"id":10753,"href":"https:\/\/esplanade.hr\/hr\/wp-json\/wp\/v2\/pages\/10255\/revisions\/10753"}],"wp:attachment":[{"href":"https:\/\/esplanade.hr\/hr\/wp-json\/wp\/v2\/media?parent=10255"}],"curies":[{"name":"wp","href":"https:\/\/api.w.org\/{rel}","templated":true}]}}