{"id":5004,"date":"2017-11-03T08:19:03","date_gmt":"2017-11-03T08:19:03","guid":{"rendered":"http:\/\/albergo.elated-themes.com\/?page_id=9"},"modified":"2022-10-25T10:38:56","modified_gmt":"2022-10-25T08:38:56","slug":"o-hotelu","status":"publish","type":"page","link":"https:\/\/esplanade.hr\/hr\/o-hotelu\/","title":{"rendered":"O hotelu"},"content":{"rendered":"<p>[vc_row row_content_width=&#8221;grid&#8221; content_text_aligment=&#8221;center&#8221; css=&#8221;.vc_custom_1614880518956{padding-top: 80px !important;padding-bottom: 0px !important;}&#8221;][vc_column]<div class=\"eltd-section-title-holder eltd-separator-disabled  \" >\n    <div class=\"eltd-section-title-inner\">\n                    <h6 class=\"eltd-st-subtitle\" >\n                <span>Glamur. Stil. Tradicija.<\/span>\n            <\/h6>\n                            <h2 class=\"eltd-st-title \" >\n                <span class=\"eltd-st-before\">O<\/span>\n                <span>hotelu<\/span>\n            <\/h2>\n                            <p class=\"eltd-st-text\" style=\"font-size: 17px;line-height: 30px;margin: 22\">Otvoren davne 1925. godine kako bi pru\u017eao luksuzni smje\u0161taj putnicima poznatog Orient Expressa, iznimno elegantan, Esplanade Zagreb Hotel pravi je arhitektonski dragulj. Smje\u0161ten u srcu ovog povijesnog grada, ikona je art decoa, po\u0161tovan diljem regije i hvaljen zbog svojeg besprijekornog standarda usluge. Esplanade hotel uvijek je bio u srcu zagreba\u010dke dru\u0161tvene scene, a me\u0111u njegove se istaknute goste ubrajaju predsjednici, politi\u010dari, filmske i glazbene zvijezde.<\/p>\n                    <\/div>\n<\/div>[vc_empty_space height=&#8221;40px&#8221;][\/vc_column][\/vc_row][vc_row row_content_width=&#8221;grid&#8221;][vc_column offset=&#8221;vc_col-lg-12 vc_col-md-12&#8243;]<div class=\"eltd-elements-holder   eltd-two-columns  eltd-responsive-mode-768 \" ><div class=\"eltd-eh-item   eltd-horizontal-alignment-center \" style=\"background-color: #f7f5f5\" data-item-class=\"eltd-eh-custom-8330\" data-1280-1600=\"0 5%\" data-1024-1280=\"0 5% 5px 5%\" data-768-1024=\"0 12% 4px 12%\" data-680-768=\"100px 5%\" data-680=\"80px 5%\">\n\t<div class=\"eltd-eh-item-inner\">\n\t\t<div class=\"eltd-eh-item-content eltd-eh-custom-8330\" style=\"padding: 0 5% 5px 5%\">\n\t\t\t<div class=\"eltd-section-title-holder eltd-separator-disabled  \" >\n    <div class=\"eltd-section-title-inner\">\n                    <h6 class=\"eltd-st-subtitle\" >\n                <span>Ponovno zasjao 2004. nakon potpunog preure\u0111enja<\/span>\n            <\/h6>\n                            <h2 class=\"eltd-st-title \" >\n                <span class=\"eltd-st-before\">Zna\u010dajke<\/span>\n                <span>hotela<\/span>\n            <\/h2>\n                            <p class=\"eltd-st-text\" style=\"font-size: 17px;line-height: 30px;margin: 22\">Hotel Esplanade dizajniran je tako da neprimjetno objedinjuje najvi\u0161u razinu suvremene udobnosti s art deco tradicijom.<\/p>\n                    <\/div>\n<\/div>[vc_empty_space height=&#8221;40px&#8221;]<a itemprop=\"url\" href=\"https:\/\/esplanade.hr\/hr\/hotel-room\/hotel-facts\/\" target=\"_self\"  class=\"eltd-btn eltd-btn-medium eltd-btn-solid eltd-btn-line-left eltd-btn-animation-enabled\"  >\n    <span class=\"eltd-btn-text\">Doznajte vi\u0161e<\/span>\n\n        \t<span class=\"eltd-btn-hover-overlay\" ><\/span>\n    \n    <\/a>\t\t<\/div>\n\t<\/div>\n<\/div><div class=\"eltd-eh-item    \"  data-item-class=\"eltd-eh-custom-6143\">\n\t<div class=\"eltd-eh-item-inner\">\n\t\t<div class=\"eltd-eh-item-content eltd-eh-custom-6143\" >\n\t\t\t<div class=\"eltd-image-gallery  eltd-ig-slider-type eltd-no-space   eltd-custom-nav eltd-custom-nav-right eltd-hide-pagination\">\n\t<div class=\"eltd-ig-slider eltd-owl-slider\" data-number-of-items=\"1\" data-enable-loop=\"yes\" data-enable-autoplay=\"yes\" data-slider-speed=\"5000\" data-slider-speed-animation=\"600\" data-slider-padding=\"no\" data-enable-navigation=\"yes\" data-enable-custom-navigation=\"yes\" data-enable-pagination=\"yes\" data-slider-animate-out=\"fadeOut\">\n\t\t\t\t\t<div class=\"eltd-ig-image\">\n\t\t\t\t\t\t\t\t\t<img width=\"414\" height=\"374\" src=\"https:\/\/esplanade.hr\/hr\/wp-content\/uploads\/2020\/02\/esplanada4-e1581000899873.jpg\" class=\"attachment-full size-full\" alt=\"\" loading=\"lazy\" srcset=\"https:\/\/esplanade.hr\/hr\/wp-content\/uploads\/2020\/02\/esplanada4-e1581000899873.jpg 414w, https:\/\/esplanade.hr\/hr\/wp-content\/uploads\/2020\/02\/esplanada4-e1581000899873-300x271.jpg 300w\" sizes=\"(max-width: 414px) 100vw, 414px\" \/>\t\t\t\t\t\t\t<\/div>\n\t\t\t<\/div>\n<\/div>\t\t<\/div>\n\t<\/div>\n<\/div><\/div><div class=\"eltd-elements-holder   eltd-one-column  eltd-responsive-mode-768 \" ><div class=\"eltd-eh-item    \"  data-item-class=\"eltd-eh-custom-7346\" data-1024-1280=\"130px 90px 0 80px\" data-768-1024=\"130px 60px 0 47px\" data-680-768=\"130px 0px 0 0px\" data-680=\"130px 0px 0 0px\">\n\t<div class=\"eltd-eh-item-inner\">\n\t\t<div class=\"eltd-eh-item-content eltd-eh-custom-7346\" style=\"padding: 130px 0 80px 0\">\n\t\t\t<div class=\"eltd-hrp-holder \">\n\n\n    <div class=\"eltd-hrp eltd-small-room\">\n        <div class=\"eltd-hrp-inner\">\n            <div class=\"eltd-hrp-image\">\n                <a class=\"eltd-hrp-link\" itemprop=\"url\" href=\"\" title=\"O hotelu\">\n                    <div class=\"eltd-hrp-trim\" ><\/div>\n                    <img width=\"1708\" height=\"1426\" src=\"https:\/\/esplanade.hr\/hr\/wp-content\/uploads\/2020\/02\/about-hotel-4.jpg\" class=\"attachment-full size-full\" alt=\"\" loading=\"lazy\" srcset=\"https:\/\/esplanade.hr\/hr\/wp-content\/uploads\/2020\/02\/about-hotel-4.jpg 1708w, https:\/\/esplanade.hr\/hr\/wp-content\/uploads\/2020\/02\/about-hotel-4-300x250.jpg 300w, https:\/\/esplanade.hr\/hr\/wp-content\/uploads\/2020\/02\/about-hotel-4-1024x855.jpg 1024w, https:\/\/esplanade.hr\/hr\/wp-content\/uploads\/2020\/02\/about-hotel-4-768x641.jpg 768w, https:\/\/esplanade.hr\/hr\/wp-content\/uploads\/2020\/02\/about-hotel-4-1536x1282.jpg 1536w\" sizes=\"(max-width: 1708px) 100vw, 1708px\" \/>                <\/a>\n            <\/div>\n            <div class=\"eltd-hrp-text-wrapper clearfix\">\n                <h4 itemprop=\"name\" class=\"entry-title eltd-hrp-title\">\n                    <a itemprop=\"url\" href=\"\"><\/a>\n                <\/h4>\n            <div class=\"eltd-hrp-price-wrapper\">\n                 <span class=\"eltd-hrp-price\">\n                    <span class=\"eltd-hrp-price-currency\">$<\/span><span><\/span>\n                <\/span>\n            <\/div>\n        <\/div>\n        <\/div>\n    <\/div>\n\n    <div class=\"eltd-hrp eltd-big-room\">\n        <div class=\"eltd-hrp-inner\">\n            <div class=\"eltd-hrp-image\">\n                <a class=\"eltd-hrp-link\" itemprop=\"url\" href=\"\" title=\"O hotelu\">\n                    <div class=\"eltd-hrp-trim\" ><\/div>\n                    <img width=\"1398\" height=\"1847\" src=\"https:\/\/esplanade.hr\/hr\/wp-content\/uploads\/2020\/02\/about-hotel-5.jpg\" class=\"attachment-full size-full\" alt=\"\" loading=\"lazy\" srcset=\"https:\/\/esplanade.hr\/hr\/wp-content\/uploads\/2020\/02\/about-hotel-5.jpg 1398w, https:\/\/esplanade.hr\/hr\/wp-content\/uploads\/2020\/02\/about-hotel-5-227x300.jpg 227w, https:\/\/esplanade.hr\/hr\/wp-content\/uploads\/2020\/02\/about-hotel-5-775x1024.jpg 775w, https:\/\/esplanade.hr\/hr\/wp-content\/uploads\/2020\/02\/about-hotel-5-768x1015.jpg 768w, https:\/\/esplanade.hr\/hr\/wp-content\/uploads\/2020\/02\/about-hotel-5-1163x1536.jpg 1163w\" sizes=\"(max-width: 1398px) 100vw, 1398px\" \/>                <\/a>\n            <\/div>\n            <div class=\"eltd-hrp-text-wrapper clearfix\">\n                <h4 itemprop=\"name\" class=\"entry-title eltd-hrp-title\">\n                    <a itemprop=\"url\" href=\"\"><\/a>\n                <\/h4>\n            <div class=\"eltd-hrp-price-wrapper\">\n                 <span class=\"eltd-hrp-price\">\n                    <span class=\"eltd-hrp-price-currency\">$<\/span><span><\/span>\n                <\/span>\n            <\/div>\n        <\/div>\n        <\/div>\n    <\/div>\n\n<\/div>\n\t\t<\/div>\n\t<\/div>\n<\/div><\/div><div class=\"eltd-elements-holder   eltd-two-columns  eltd-responsive-mode-768 \" ><div class=\"eltd-eh-item    \"  data-item-class=\"eltd-eh-custom-6093\">\n\t<div class=\"eltd-eh-item-inner\">\n\t\t<div class=\"eltd-eh-item-content eltd-eh-custom-6093\" >\n\t\t\t<div class=\"eltd-image-gallery  eltd-ig-slider-type eltd-large-space   eltd-custom-nav  eltd-hide-pagination\">\n\t<div class=\"eltd-ig-slider eltd-owl-slider\" data-number-of-items=\"1\" data-enable-loop=\"yes\" data-enable-autoplay=\"yes\" data-slider-speed=\"5000\" data-slider-speed-animation=\"600\" data-slider-padding=\"no\" data-enable-navigation=\"yes\" data-enable-custom-navigation=\"yes\" data-enable-pagination=\"yes\" data-slider-animate-out=\"fadeOut\">\n\t\t\t\t\t<div class=\"eltd-ig-image\">\n\t\t\t\t\t\t\t\t\t<img width=\"485\" height=\"448\" src=\"https:\/\/esplanade.hr\/hr\/wp-content\/uploads\/2020\/02\/esplanada2-e1581000879436.jpg\" class=\"attachment-full size-full\" alt=\"\" loading=\"lazy\" srcset=\"https:\/\/esplanade.hr\/hr\/wp-content\/uploads\/2020\/02\/esplanada2-e1581000879436.jpg 485w, https:\/\/esplanade.hr\/hr\/wp-content\/uploads\/2020\/02\/esplanada2-e1581000879436-300x277.jpg 300w\" sizes=\"(max-width: 485px) 100vw, 485px\" \/>\t\t\t\t\t\t\t<\/div>\n\t\t\t<\/div>\n<\/div>\t\t<\/div>\n\t<\/div>\n<\/div><div class=\"eltd-eh-item   eltd-horizontal-alignment-center \" style=\"background-color: #f7f5f5\" data-item-class=\"eltd-eh-custom-5598\" data-1280-1600=\"0 5%\" data-1024-1280=\"0 5% 5px 5%\" data-768-1024=\"0 5% 4px 5%\" data-680-768=\"100px 5%\" data-680=\"80px 5%\">\n\t<div class=\"eltd-eh-item-inner\">\n\t\t<div class=\"eltd-eh-item-content eltd-eh-custom-5598\" style=\"padding: 0 5% 5px 5%\">\n\t\t\t<div class=\"eltd-section-title-holder eltd-separator-disabled  \" >\n    <div class=\"eltd-section-title-inner\">\n                    <h6 class=\"eltd-st-subtitle\" >\n                <span>Otkrijte zapanjuju\u0107e pri\u010de i \u010dinjenice<\/span>\n            <\/h6>\n                            <h2 class=\"eltd-st-title \" >\n                <span class=\"eltd-st-before\">Povijest<\/span>\n                <span>Esplanade<\/span>\n            <\/h2>\n                            <p class=\"eltd-st-text\" style=\"font-size: 17px;line-height: 30px;margin: 22\">Esplanadina bezvremenska otmjenost, elegancija i \u0161arm kojima je davne 1925. privukao putnike poznatoga Orient Expressa i danas ga \u010dine elitnim odredi\u0161tem te kulturnom i povijesnom ikonom Zagreba.<\/p>\n                    <\/div>\n<\/div>[vc_empty_space height=&#8221;40px&#8221;]<a itemprop=\"url\" href=\"https:\/\/esplanade.hr\/hr\/hotel-room\/esplanade-history\/\" target=\"_self\"  class=\"eltd-btn eltd-btn-medium eltd-btn-solid eltd-btn-line-left eltd-btn-animation-enabled\"  >\n    <span class=\"eltd-btn-text\">Doznajte vi\u0161e<\/span>\n\n        \t<span class=\"eltd-btn-hover-overlay\" ><\/span>\n    \n    <\/a>\t\t<\/div>\n\t<\/div>\n<\/div><\/div><div class=\"eltd-elements-holder   eltd-two-columns  eltd-responsive-mode-768 \" ><div class=\"eltd-eh-item   eltd-horizontal-alignment-center \" style=\"background-color: #f7f5f5\" data-item-class=\"eltd-eh-custom-7348\" data-1280-1600=\"0 5%\" data-1024-1280=\"0 5% 5px 5%\" data-768-1024=\"0 5% 4px 5%\" data-680-768=\"100px 5%\" data-680=\"80px 5%\">\n\t<div class=\"eltd-eh-item-inner\">\n\t\t<div class=\"eltd-eh-item-content eltd-eh-custom-7348\" style=\"padding: 0 5% 5px 5%\">\n\t\t\t<div class=\"eltd-section-title-holder eltd-separator-disabled  \" >\n    <div class=\"eltd-section-title-inner\">\n                    <h6 class=\"eltd-st-subtitle\" >\n                <span>Duga lista priznanja<\/span>\n            <\/h6>\n                            <h2 class=\"eltd-st-title \" >\n                <span class=\"eltd-st-before\">Nagrade<\/span>\n                <span>hotelu<\/span>\n            <\/h2>\n                            <p class=\"eltd-st-text\" style=\"font-size: 17px;line-height: 30px;margin: 22\">Nagra\u0111eni smo brojnim certifikatima kvalitete za hotelske usluge poput presti\u017enih nagrada za restoransku i barsku ponudu, interijer, smje\u0161taj te sadr\u017eaje za poslovne goste.<\/p>\n                    <\/div>\n<\/div>[vc_empty_space height=&#8221;40px&#8221;]<a itemprop=\"url\" href=\"https:\/\/esplanade.hr\/hr\/hotel-room\/esplanade-awards\/\" target=\"_self\"  class=\"eltd-btn eltd-btn-medium eltd-btn-solid eltd-btn-line-left eltd-btn-animation-enabled\"  >\n    <span class=\"eltd-btn-text\">Doznajte vi\u0161e<\/span>\n\n        \t<span class=\"eltd-btn-hover-overlay\" ><\/span>\n    \n    <\/a>\t\t<\/div>\n\t<\/div>\n<\/div><div class=\"eltd-eh-item    \"  data-item-class=\"eltd-eh-custom-5518\">\n\t<div class=\"eltd-eh-item-inner\">\n\t\t<div class=\"eltd-eh-item-content eltd-eh-custom-5518\" >\n\t\t\t<div class=\"eltd-image-gallery  eltd-ig-slider-type eltd-no-space   eltd-custom-nav eltd-custom-nav-right eltd-hide-pagination\">\n\t<div class=\"eltd-ig-slider eltd-owl-slider\" data-number-of-items=\"1\" data-enable-loop=\"yes\" data-enable-autoplay=\"yes\" data-slider-speed=\"5000\" data-slider-speed-animation=\"600\" data-slider-padding=\"no\" data-enable-navigation=\"yes\" data-enable-custom-navigation=\"yes\" data-enable-pagination=\"yes\" data-slider-animate-out=\"fadeOut\">\n\t\t\t\t\t<div class=\"eltd-ig-image\">\n\t\t\t\t\t\t\t\t\t<img width=\"1250\" height=\"1200\" src=\"https:\/\/esplanade.hr\/hr\/wp-content\/uploads\/2020\/02\/esplanada3-e1581000850367.jpg\" class=\"attachment-full size-full\" alt=\"\" loading=\"lazy\" srcset=\"https:\/\/esplanade.hr\/hr\/wp-content\/uploads\/2020\/02\/esplanada3-e1581000850367.jpg 1250w, https:\/\/esplanade.hr\/hr\/wp-content\/uploads\/2020\/02\/esplanada3-e1581000850367-300x288.jpg 300w, https:\/\/esplanade.hr\/hr\/wp-content\/uploads\/2020\/02\/esplanada3-e1581000850367-1024x983.jpg 1024w, https:\/\/esplanade.hr\/hr\/wp-content\/uploads\/2020\/02\/esplanada3-e1581000850367-768x737.jpg 768w\" sizes=\"(max-width: 1250px) 100vw, 1250px\" \/>\t\t\t\t\t\t\t<\/div>\n\t\t\t<\/div>\n<\/div>\t\t<\/div>\n\t<\/div>\n<\/div><\/div>[\/vc_column][\/vc_row][vc_row row_content_width=&#8221;grid&#8221; content_text_aligment=&#8221;center&#8221; css=&#8221;.vc_custom_1654695876871{margin-top: 0px !important;margin-bottom: 0px !important;padding-top: 120px !important;padding-bottom: 0px !important;}&#8221;][vc_column width=&#8221;2\/3&#8243;][vc_column_text]<\/p>\n<p style=\"text-align: right;\"><em>\u00a0<span class=\"fontstyle0\"> Hotel Esplanade Zagreb i nakon gotovo 100 godina nastavlja slijediti svoju slavnu tradiciju pru\u017eanja vrhunske usluge koju gosti osobito cijene. <\/span> <\/em><\/p>\n<p>[\/vc_column_text][\/vc_column][vc_column width=&#8221;1\/3&#8243;]<div class=\"eltd-single-image-holder   \">\n    <div class=\"eltd-si-inner\" >\n                                    <img width=\"200\" height=\"300\" src=\"https:\/\/esplanade.hr\/hr\/wp-content\/uploads\/2022\/05\/patternesplanade.png\" class=\"attachment-full size-full\" alt=\"\" loading=\"lazy\" \/>                        <\/div>\n<\/div>[\/vc_column][\/vc_row]<\/p>\n","protected":false},"excerpt":{"rendered":"<p>[vc_row row_content_width=&#8221;grid&#8221; content_text_aligment=&#8221;center&#8221; css=&#8221;.vc_custom_1614880518956{padding-top: 80px !important;padding-bottom: 0px !important;}&#8221;][vc_column][vc_empty_space height=&#8221;40px&#8221;][\/vc_column][\/vc_row][vc_row row_content_width=&#8221;grid&#8221;][vc_column [&hellip;]<\/p>\n","protected":false},"author":1,"featured_media":0,"parent":0,"menu_order":0,"comment_status":"closed","ping_status":"closed","template":"full-width.php","meta":{"_links_to":"","_links_to_target":""},"yoast_head":"<!-- This site is optimized with the Yoast SEO plugin v20.1 - https:\/\/yoast.com\/wordpress\/plugins\/seo\/ -->\n<title>O hotelu - Esplanade Zagreb<\/title>\n<meta name=\"robots\" content=\"index, follow, max-snippet:-1, max-image-preview:large, max-video-preview:-1\" \/>\n<link rel=\"canonical\" href=\"https:\/\/esplanade.hr\/hr\/o-hotelu\/\" \/>\n<meta property=\"og:locale\" content=\"en_US\" \/>\n<meta property=\"og:type\" content=\"article\" \/>\n<meta property=\"og:title\" content=\"O hotelu - Esplanade Zagreb\" \/>\n<meta property=\"og:description\" content=\"[vc_row row_content_width=&#8221;grid&#8221; content_text_aligment=&#8221;center&#8221; css=&#8221;.vc_custom_1614880518956{padding-top: 80px !important;padding-bottom: 0px !important;}&#8221;][vc_column][vc_empty_space height=&#8221;40px&#8221;][\/vc_column][\/vc_row][vc_row row_content_width=&#8221;grid&#8221;][vc_column [&hellip;]\" \/>\n<meta property=\"og:url\" content=\"https:\/\/esplanade.hr\/hr\/o-hotelu\/\" \/>\n<meta property=\"og:site_name\" content=\"Esplanade Zagreb\" \/>\n<meta property=\"article:modified_time\" content=\"2022-10-25T08:38:56+00:00\" \/>\n<meta name=\"twitter:card\" content=\"summary_large_image\" \/>\n<meta name=\"twitter:label1\" content=\"Est. reading time\" \/>\n\t<meta name=\"twitter:data1\" content=\"4 minutes\" \/>\n<script type=\"application\/ld+json\" class=\"yoast-schema-graph\">{\"@context\":\"https:\/\/schema.org\",\"@graph\":[{\"@type\":\"WebPage\",\"@id\":\"https:\/\/esplanade.hr\/hr\/o-hotelu\/\",\"url\":\"https:\/\/esplanade.hr\/hr\/o-hotelu\/\",\"name\":\"O hotelu - Esplanade Zagreb\",\"isPartOf\":{\"@id\":\"https:\/\/esplanade.hr\/hr\/#website\"},\"datePublished\":\"2017-11-03T08:19:03+00:00\",\"dateModified\":\"2022-10-25T08:38:56+00:00\",\"breadcrumb\":{\"@id\":\"https:\/\/esplanade.hr\/hr\/o-hotelu\/#breadcrumb\"},\"inLanguage\":\"en-US\",\"potentialAction\":[{\"@type\":\"ReadAction\",\"target\":[\"https:\/\/esplanade.hr\/hr\/o-hotelu\/\"]}]},{\"@type\":\"BreadcrumbList\",\"@id\":\"https:\/\/esplanade.hr\/hr\/o-hotelu\/#breadcrumb\",\"itemListElement\":[{\"@type\":\"ListItem\",\"position\":1,\"name\":\"Home\",\"item\":\"https:\/\/esplanade.hr\/hr\/\"},{\"@type\":\"ListItem\",\"position\":2,\"name\":\"O hotelu\"}]},{\"@type\":\"WebSite\",\"@id\":\"https:\/\/esplanade.hr\/hr\/#website\",\"url\":\"https:\/\/esplanade.hr\/hr\/\",\"name\":\"Esplanade Zagreb\",\"description\":\"Welcome to the Esplanade Zagreb Hotel\",\"potentialAction\":[{\"@type\":\"SearchAction\",\"target\":{\"@type\":\"EntryPoint\",\"urlTemplate\":\"https:\/\/esplanade.hr\/hr\/?s={search_term_string}\"},\"query-input\":\"required name=search_term_string\"}],\"inLanguage\":\"en-US\"}]}<\/script>\n<!-- \/ Yoast SEO plugin. -->","yoast_head_json":{"title":"O hotelu - Esplanade Zagreb","robots":{"index":"index","follow":"follow","max-snippet":"max-snippet:-1","max-image-preview":"max-image-preview:large","max-video-preview":"max-video-preview:-1"},"canonical":"https:\/\/esplanade.hr\/hr\/o-hotelu\/","og_locale":"en_US","og_type":"article","og_title":"O hotelu - Esplanade Zagreb","og_description":"[vc_row row_content_width=&#8221;grid&#8221; content_text_aligment=&#8221;center&#8221; css=&#8221;.vc_custom_1614880518956{padding-top: 80px !important;padding-bottom: 0px !important;}&#8221;][vc_column][vc_empty_space height=&#8221;40px&#8221;][\/vc_column][\/vc_row][vc_row row_content_width=&#8221;grid&#8221;][vc_column [&hellip;]","og_url":"https:\/\/esplanade.hr\/hr\/o-hotelu\/","og_site_name":"Esplanade Zagreb","article_modified_time":"2022-10-25T08:38:56+00:00","twitter_card":"summary_large_image","twitter_misc":{"Est. reading time":"4 minutes"},"schema":{"@context":"https:\/\/schema.org","@graph":[{"@type":"WebPage","@id":"https:\/\/esplanade.hr\/hr\/o-hotelu\/","url":"https:\/\/esplanade.hr\/hr\/o-hotelu\/","name":"O hotelu - Esplanade Zagreb","isPartOf":{"@id":"https:\/\/esplanade.hr\/hr\/#website"},"datePublished":"2017-11-03T08:19:03+00:00","dateModified":"2022-10-25T08:38:56+00:00","breadcrumb":{"@id":"https:\/\/esplanade.hr\/hr\/o-hotelu\/#breadcrumb"},"inLanguage":"en-US","potentialAction":[{"@type":"ReadAction","target":["https:\/\/esplanade.hr\/hr\/o-hotelu\/"]}]},{"@type":"BreadcrumbList","@id":"https:\/\/esplanade.hr\/hr\/o-hotelu\/#breadcrumb","itemListElement":[{"@type":"ListItem","position":1,"name":"Home","item":"https:\/\/esplanade.hr\/hr\/"},{"@type":"ListItem","position":2,"name":"O hotelu"}]},{"@type":"WebSite","@id":"https:\/\/esplanade.hr\/hr\/#website","url":"https:\/\/esplanade.hr\/hr\/","name":"Esplanade Zagreb","description":"Welcome to the Esplanade Zagreb Hotel","potentialAction":[{"@type":"SearchAction","target":{"@type":"EntryPoint","urlTemplate":"https:\/\/esplanade.hr\/hr\/?s={search_term_string}"},"query-input":"required name=search_term_string"}],"inLanguage":"en-US"}]}},"_links":{"self":[{"href":"https:\/\/esplanade.hr\/hr\/wp-json\/wp\/v2\/pages\/5004"}],"collection":[{"href":"https:\/\/esplanade.hr\/hr\/wp-json\/wp\/v2\/pages"}],"about":[{"href":"https:\/\/esplanade.hr\/hr\/wp-json\/wp\/v2\/types\/page"}],"author":[{"embeddable":true,"href":"https:\/\/esplanade.hr\/hr\/wp-json\/wp\/v2\/users\/1"}],"replies":[{"embeddable":true,"href":"https:\/\/esplanade.hr\/hr\/wp-json\/wp\/v2\/comments?post=5004"}],"version-history":[{"count":5,"href":"https:\/\/esplanade.hr\/hr\/wp-json\/wp\/v2\/pages\/5004\/revisions"}],"predecessor-version":[{"id":10566,"href":"https:\/\/esplanade.hr\/hr\/wp-json\/wp\/v2\/pages\/5004\/revisions\/10566"}],"wp:attachment":[{"href":"https:\/\/esplanade.hr\/hr\/wp-json\/wp\/v2\/media?parent=5004"}],"curies":[{"name":"wp","href":"https:\/\/api.w.org\/{rel}","templated":true}]}}