{"id":7797,"date":"2021-06-21T09:16:42","date_gmt":"2021-06-21T07:16:42","guid":{"rendered":"http:\/\/www.esplanade.hr\/?page_id=7797"},"modified":"2025-02-06T13:32:21","modified_gmt":"2025-02-06T12:32:21","slug":"esplanade-app-2","status":"publish","type":"page","link":"https:\/\/esplanade.hr\/hr\/esplanade-app-2\/","title":{"rendered":"Esplanade App"},"content":{"rendered":"<p>[vc_row row_content_width=&#8221;grid&#8221; content_text_aligment=&#8221;center&#8221; css=&#8221;.vc_custom_1614880518956{padding-top: 80px !important;padding-bottom: 0px !important;}&#8221;][vc_column]<div class=\"eltd-section-title-holder eltd-separator-disabled  \" >\n    <div class=\"eltd-section-title-inner\">\n                    <h6 class=\"eltd-st-subtitle\" >\n                <span>Suvremena tehnologija i odr\u017eiva rje\u0161enja<\/span>\n            <\/h6>\n                            <h2 class=\"eltd-st-title \" >\n                <span class=\"eltd-st-before\">Esplanade<\/span>\n                <span>App<\/span>\n            <\/h2>\n                            <\/div>\n<\/div>[vc_column_text]Uz brojna tehnolo\u0161ka rje\u0161enja va\u0161 boravak u hotelu Esplanade bit \u0107e jednostavan i zabavan. Pove\u017eite se s <strong>besplatnim superbrzim be\u017ei\u010dnim internetom<\/strong> u bilo kojem prostoru hotela ili na terasi, jednostavno i bez lozinke. Preuzmite pomno dizajniranu <strong>hotelsku aplikaciju<\/strong> dostupnu za pametne telefone i prelistajte hotelske novosti, doznajte vi\u0161e o najnovijim promocijama, pregledajte atraktivni jelovnik i vinsku kartu te naru\u010dite slasna jela s poslugom u sobu u samo nekoliko klikova. Poslu\u017eite se daljinskim upravlja\u010dem koji se nalazi u aplikaciji te lako birajte programe i ostale hotelske sadr\u017eaje na pametnom televizoru u va\u0161oj sobi. Putem Hoteza IPTV sistema pristupite i svojem Netflix ra\u010dunu, ili pak olak\u0161ano radite putem Screen Sharing aplikacije.[\/vc_column_text][vc_empty_space height=&#8221;28px&#8221;]<a itemprop=\"url\" href=\"https:\/\/apps.apple.com\/hr\/app\/esplanade-zagreb\/id6741468896?l=hr\" target=\"_blank\"  class=\"eltd-btn eltd-btn-medium eltd-btn-solid eltd-btn-line-left eltd-btn-animation-enabled\"  >\n    <span class=\"eltd-btn-text\">APPLE<\/span>\n\n        \t<span class=\"eltd-btn-hover-overlay\" ><\/span>\n    \n    <\/a><a itemprop=\"url\" href=\"https:\/\/play.google.com\/store\/apps\/details?id=com.hoteza.esplanadezagreb&#038;pli=1\" target=\"_blank\" style=\"margin: 0 0 0 10px\" class=\"eltd-btn eltd-btn-medium eltd-btn-solid eltd-btn-line-left eltd-btn-animation-enabled\"  >\n    <span class=\"eltd-btn-text\">GOOGLE PLAY<\/span>\n\n        \t<span class=\"eltd-btn-hover-overlay\" style=\"margin: 0 0 0 10px\"><\/span>\n    \n    <\/a>[vc_empty_space height=&#8221;40px&#8221;][\/vc_column][\/vc_row][vc_row row_content_width=&#8221;grid&#8221; el_class=&#8221;pairpicture&#8221;][vc_column offset=&#8221;vc_col-lg-12 vc_col-md-12&#8243;]<div class=\"eltd-elements-holder   eltd-one-column  eltd-responsive-mode-768 \" ><div class=\"eltd-eh-item    \"  data-item-class=\"eltd-eh-custom-4890\" data-1024-1280=\"130px 90px 0 80px\" data-768-1024=\"130px 60px 0 47px\" data-680-768=\"130px 0px 0 0px\" data-680=\"130px 0px 0 0px\">\n\t<div class=\"eltd-eh-item-inner\">\n\t\t<div class=\"eltd-eh-item-content eltd-eh-custom-4890\" style=\"padding: 130px 0 0 0\">\n\t\t\t<div class=\"eltd-hrp-holder \">\n\n\n    <div class=\"eltd-hrp eltd-small-room\">\n        <div class=\"eltd-hrp-inner\">\n            <div class=\"eltd-hrp-image\">\n                <a class=\"eltd-hrp-link\" itemprop=\"url\" href=\"\" title=\"Esplanade App\">\n                    <div class=\"eltd-hrp-trim\" ><\/div>\n                    <img width=\"1140\" height=\"1431\" src=\"https:\/\/esplanade.hr\/hr\/wp-content\/uploads\/2022\/07\/Floating-fotka-1.jpg\" class=\"attachment-full size-full\" alt=\"\" loading=\"lazy\" srcset=\"https:\/\/esplanade.hr\/hr\/wp-content\/uploads\/2022\/07\/Floating-fotka-1.jpg 1140w, https:\/\/esplanade.hr\/hr\/wp-content\/uploads\/2022\/07\/Floating-fotka-1-239x300.jpg 239w, https:\/\/esplanade.hr\/hr\/wp-content\/uploads\/2022\/07\/Floating-fotka-1-816x1024.jpg 816w, https:\/\/esplanade.hr\/hr\/wp-content\/uploads\/2022\/07\/Floating-fotka-1-768x964.jpg 768w, https:\/\/esplanade.hr\/hr\/wp-content\/uploads\/2022\/07\/Floating-fotka-1-600x753.jpg 600w\" sizes=\"(max-width: 1140px) 100vw, 1140px\" \/>                <\/a>\n            <\/div>\n            <div class=\"eltd-hrp-text-wrapper clearfix\">\n                <h4 itemprop=\"name\" class=\"entry-title eltd-hrp-title\">\n                    <a itemprop=\"url\" href=\"\"><\/a>\n                <\/h4>\n            <div class=\"eltd-hrp-price-wrapper\">\n                 <span class=\"eltd-hrp-price\">\n                    <span class=\"eltd-hrp-price-currency\">$<\/span><span><\/span>\n                <\/span>\n            <\/div>\n        <\/div>\n        <\/div>\n    <\/div>\n\n    <div class=\"eltd-hrp eltd-big-room\">\n        <div class=\"eltd-hrp-inner\">\n            <div class=\"eltd-hrp-image\">\n                <a class=\"eltd-hrp-link\" itemprop=\"url\" href=\"\" title=\"Esplanade App\">\n                    <div class=\"eltd-hrp-trim\" ><\/div>\n                    <img width=\"800\" height=\"921\" src=\"https:\/\/esplanade.hr\/hr\/wp-content\/uploads\/2022\/07\/Floating-fotka-2.jpg\" class=\"attachment-full size-full\" alt=\"\" loading=\"lazy\" srcset=\"https:\/\/esplanade.hr\/hr\/wp-content\/uploads\/2022\/07\/Floating-fotka-2.jpg 800w, https:\/\/esplanade.hr\/hr\/wp-content\/uploads\/2022\/07\/Floating-fotka-2-261x300.jpg 261w, https:\/\/esplanade.hr\/hr\/wp-content\/uploads\/2022\/07\/Floating-fotka-2-768x884.jpg 768w, https:\/\/esplanade.hr\/hr\/wp-content\/uploads\/2022\/07\/Floating-fotka-2-600x691.jpg 600w\" sizes=\"(max-width: 800px) 100vw, 800px\" \/>                <\/a>\n            <\/div>\n            <div class=\"eltd-hrp-text-wrapper clearfix\">\n                <h4 itemprop=\"name\" class=\"entry-title eltd-hrp-title\">\n                    <a itemprop=\"url\" href=\"\"><\/a>\n                <\/h4>\n            <div class=\"eltd-hrp-price-wrapper\">\n                 <span class=\"eltd-hrp-price\">\n                    <span class=\"eltd-hrp-price-currency\">$<\/span><span><\/span>\n                <\/span>\n            <\/div>\n        <\/div>\n        <\/div>\n    <\/div>\n\n<\/div>\n\t\t<\/div>\n\t<\/div>\n<\/div><\/div>[\/vc_column][\/vc_row][vc_row row_content_width=&#8221;grid&#8221; content_text_aligment=&#8221;center&#8221; css=&#8221;.vc_custom_1662544885711{margin-top: 60px !important;margin-bottom: 0px !important;padding-top: 120px !important;padding-bottom: 0px !important;}&#8221;][vc_column width=&#8221;2\/3&#8243;][vc_column_text]<\/p>\n<p style=\"text-align: right;\"><em>\u00a0<span class=\"fontstyle0\">Imaju\u0107i na umu ekolo\u0161ku osvije\u0161tenost u poslovanju, Esplanade Zagreb Hotel jo\u0161 je jednom dokazao da prati najnovije svjetske trendove i standarde u implementaciji luksuznih usluga i tehnologija.<\/span><\/em><\/p>\n<p>[\/vc_column_text][\/vc_column][vc_column width=&#8221;1\/3&#8243;]<div class=\"eltd-single-image-holder   \">\n    <div class=\"eltd-si-inner\" >\n                                    <img width=\"200\" height=\"300\" src=\"https:\/\/esplanade.hr\/hr\/wp-content\/uploads\/2022\/05\/patternesplanade.png\" class=\"attachment-full size-full\" alt=\"\" loading=\"lazy\" \/>                        <\/div>\n<\/div>[\/vc_column][\/vc_row]<\/p>\n","protected":false},"excerpt":{"rendered":"<p>[vc_row row_content_width=&#8221;grid&#8221; content_text_aligment=&#8221;center&#8221; css=&#8221;.vc_custom_1614880518956{padding-top: 80px !important;padding-bottom: 0px !important;}&#8221;][vc_column][vc_column_text]Uz brojna tehnolo\u0161ka [&hellip;]<\/p>\n","protected":false},"author":1,"featured_media":0,"parent":0,"menu_order":0,"comment_status":"closed","ping_status":"closed","template":"full-width.php","meta":{"_links_to":"","_links_to_target":""},"yoast_head":"<!-- This site is optimized with the Yoast SEO plugin v20.1 - https:\/\/yoast.com\/wordpress\/plugins\/seo\/ -->\n<title>Esplanade App - Esplanade Zagreb<\/title>\n<meta name=\"robots\" content=\"index, follow, max-snippet:-1, max-image-preview:large, max-video-preview:-1\" \/>\n<link rel=\"canonical\" href=\"https:\/\/esplanade.hr\/hr\/esplanade-app-2\/\" \/>\n<meta property=\"og:locale\" content=\"en_US\" \/>\n<meta property=\"og:type\" content=\"article\" \/>\n<meta property=\"og:title\" content=\"Esplanade App - Esplanade Zagreb\" \/>\n<meta property=\"og:description\" content=\"[vc_row row_content_width=&#8221;grid&#8221; content_text_aligment=&#8221;center&#8221; css=&#8221;.vc_custom_1614880518956{padding-top: 80px !important;padding-bottom: 0px !important;}&#8221;][vc_column][vc_column_text]Uz brojna tehnolo\u0161ka [&hellip;]\" \/>\n<meta property=\"og:url\" content=\"https:\/\/esplanade.hr\/hr\/esplanade-app-2\/\" \/>\n<meta property=\"og:site_name\" content=\"Esplanade Zagreb\" \/>\n<meta property=\"article:modified_time\" content=\"2025-02-06T12:32:21+00:00\" \/>\n<meta name=\"twitter:card\" content=\"summary_large_image\" \/>\n<meta name=\"twitter:label1\" content=\"Est. reading time\" \/>\n\t<meta name=\"twitter:data1\" content=\"1 minute\" \/>\n<script type=\"application\/ld+json\" class=\"yoast-schema-graph\">{\"@context\":\"https:\/\/schema.org\",\"@graph\":[{\"@type\":\"WebPage\",\"@id\":\"https:\/\/esplanade.hr\/hr\/esplanade-app-2\/\",\"url\":\"https:\/\/esplanade.hr\/hr\/esplanade-app-2\/\",\"name\":\"Esplanade App - Esplanade Zagreb\",\"isPartOf\":{\"@id\":\"https:\/\/esplanade.hr\/hr\/#website\"},\"datePublished\":\"2021-06-21T07:16:42+00:00\",\"dateModified\":\"2025-02-06T12:32:21+00:00\",\"breadcrumb\":{\"@id\":\"https:\/\/esplanade.hr\/hr\/esplanade-app-2\/#breadcrumb\"},\"inLanguage\":\"en-US\",\"potentialAction\":[{\"@type\":\"ReadAction\",\"target\":[\"https:\/\/esplanade.hr\/hr\/esplanade-app-2\/\"]}]},{\"@type\":\"BreadcrumbList\",\"@id\":\"https:\/\/esplanade.hr\/hr\/esplanade-app-2\/#breadcrumb\",\"itemListElement\":[{\"@type\":\"ListItem\",\"position\":1,\"name\":\"Home\",\"item\":\"https:\/\/esplanade.hr\/hr\/\"},{\"@type\":\"ListItem\",\"position\":2,\"name\":\"Esplanade App\"}]},{\"@type\":\"WebSite\",\"@id\":\"https:\/\/esplanade.hr\/hr\/#website\",\"url\":\"https:\/\/esplanade.hr\/hr\/\",\"name\":\"Esplanade Zagreb\",\"description\":\"Welcome to the Esplanade Zagreb Hotel\",\"potentialAction\":[{\"@type\":\"SearchAction\",\"target\":{\"@type\":\"EntryPoint\",\"urlTemplate\":\"https:\/\/esplanade.hr\/hr\/?s={search_term_string}\"},\"query-input\":\"required name=search_term_string\"}],\"inLanguage\":\"en-US\"}]}<\/script>\n<!-- \/ Yoast SEO plugin. -->","yoast_head_json":{"title":"Esplanade App - Esplanade Zagreb","robots":{"index":"index","follow":"follow","max-snippet":"max-snippet:-1","max-image-preview":"max-image-preview:large","max-video-preview":"max-video-preview:-1"},"canonical":"https:\/\/esplanade.hr\/hr\/esplanade-app-2\/","og_locale":"en_US","og_type":"article","og_title":"Esplanade App - Esplanade Zagreb","og_description":"[vc_row row_content_width=&#8221;grid&#8221; content_text_aligment=&#8221;center&#8221; css=&#8221;.vc_custom_1614880518956{padding-top: 80px !important;padding-bottom: 0px !important;}&#8221;][vc_column][vc_column_text]Uz brojna tehnolo\u0161ka [&hellip;]","og_url":"https:\/\/esplanade.hr\/hr\/esplanade-app-2\/","og_site_name":"Esplanade Zagreb","article_modified_time":"2025-02-06T12:32:21+00:00","twitter_card":"summary_large_image","twitter_misc":{"Est. reading time":"1 minute"},"schema":{"@context":"https:\/\/schema.org","@graph":[{"@type":"WebPage","@id":"https:\/\/esplanade.hr\/hr\/esplanade-app-2\/","url":"https:\/\/esplanade.hr\/hr\/esplanade-app-2\/","name":"Esplanade App - Esplanade Zagreb","isPartOf":{"@id":"https:\/\/esplanade.hr\/hr\/#website"},"datePublished":"2021-06-21T07:16:42+00:00","dateModified":"2025-02-06T12:32:21+00:00","breadcrumb":{"@id":"https:\/\/esplanade.hr\/hr\/esplanade-app-2\/#breadcrumb"},"inLanguage":"en-US","potentialAction":[{"@type":"ReadAction","target":["https:\/\/esplanade.hr\/hr\/esplanade-app-2\/"]}]},{"@type":"BreadcrumbList","@id":"https:\/\/esplanade.hr\/hr\/esplanade-app-2\/#breadcrumb","itemListElement":[{"@type":"ListItem","position":1,"name":"Home","item":"https:\/\/esplanade.hr\/hr\/"},{"@type":"ListItem","position":2,"name":"Esplanade App"}]},{"@type":"WebSite","@id":"https:\/\/esplanade.hr\/hr\/#website","url":"https:\/\/esplanade.hr\/hr\/","name":"Esplanade Zagreb","description":"Welcome to the Esplanade Zagreb Hotel","potentialAction":[{"@type":"SearchAction","target":{"@type":"EntryPoint","urlTemplate":"https:\/\/esplanade.hr\/hr\/?s={search_term_string}"},"query-input":"required name=search_term_string"}],"inLanguage":"en-US"}]}},"_links":{"self":[{"href":"https:\/\/esplanade.hr\/hr\/wp-json\/wp\/v2\/pages\/7797"}],"collection":[{"href":"https:\/\/esplanade.hr\/hr\/wp-json\/wp\/v2\/pages"}],"about":[{"href":"https:\/\/esplanade.hr\/hr\/wp-json\/wp\/v2\/types\/page"}],"author":[{"embeddable":true,"href":"https:\/\/esplanade.hr\/hr\/wp-json\/wp\/v2\/users\/1"}],"replies":[{"embeddable":true,"href":"https:\/\/esplanade.hr\/hr\/wp-json\/wp\/v2\/comments?post=7797"}],"version-history":[{"count":11,"href":"https:\/\/esplanade.hr\/hr\/wp-json\/wp\/v2\/pages\/7797\/revisions"}],"predecessor-version":[{"id":12960,"href":"https:\/\/esplanade.hr\/hr\/wp-json\/wp\/v2\/pages\/7797\/revisions\/12960"}],"wp:attachment":[{"href":"https:\/\/esplanade.hr\/hr\/wp-json\/wp\/v2\/media?parent=7797"}],"curies":[{"name":"wp","href":"https:\/\/api.w.org\/{rel}","templated":true}]}}